{"id":4524,"date":"2025-10-06T11:15:59","date_gmt":"2025-10-06T11:15:59","guid":{"rendered":"https:\/\/bddatos.com\/inmobiliariajm\/?page_id=4524"},"modified":"2025-10-06T11:33:13","modified_gmt":"2025-10-06T11:33:13","slug":"coordinacion-de-gremios-y-reformas","status":"publish","type":"page","link":"https:\/\/bddatos.com\/inmobiliariajm\/servicios\/coordinacion-de-gremios-y-reformas\/","title":{"rendered":"Coordinaci\u00f3n de gremios y reformas"},"content":{"rendered":"\t\t<div data-elementor-type=\"wp-page\" data-elementor-id=\"4524\" class=\"elementor elementor-4524\">\n\t\t\t\t<div class=\"elementor-element elementor-element-d14033b e-flex e-con-boxed e-con e-parent\" data-id=\"d14033b\" data-element_type=\"container\">\n\t\t\t\t\t<div class=\"e-con-inner\">\n\t\t\t\t<div class=\"elementor-element elementor-element-9692ba4 elementor-widget elementor-widget-heading\" data-id=\"9692ba4\" data-element_type=\"widget\" data-widget_type=\"heading.default\">\n\t\t\t\t<div class=\"elementor-widget-container\">\n\t\t\t\t\t<h1 class=\"elementor-heading-title elementor-size-default\">Coordinaci\u00f3n de gremios y reformas<\/h1>\t\t\t\t<\/div>\n\t\t\t\t<\/div>\n\t\t\t\t<div class=\"elementor-element elementor-element-734a106 elementor-widget-divider--view-line_text elementor-widget-divider--element-align-center elementor-widget elementor-widget-divider\" data-id=\"734a106\" data-element_type=\"widget\" data-widget_type=\"divider.default\">\n\t\t\t\t<div class=\"elementor-widget-container\">\n\t\t\t\t\t\t\t<div class=\"elementor-divider\">\n\t\t\t<span class=\"elementor-divider-separator\">\n\t\t\t\t\t\t\t<span class=\"elementor-divider__text elementor-divider__element\">\n\t\t\t\tInmobiliaria JM\t\t\t\t<\/span>\n\t\t\t\t\t\t<\/span>\n\t\t<\/div>\n\t\t\t\t\t\t<\/div>\n\t\t\t\t<\/div>\n\t\t\t\t<div class=\"elementor-element elementor-element-d48e206 elementor-widget elementor-widget-text-editor\" data-id=\"d48e206\" data-element_type=\"widget\" data-widget_type=\"text-editor.default\">\n\t\t\t\t<div class=\"elementor-widget-container\">\n\t\t\t\t\t\t\t\t\t<p>Si desea realizar una reforma total o parcial en su propiedad (vivienda o local comercial) consulte con nuestros t\u00e9cnicos sin compromiso, le presupuestar\u00e1n la mejor soluci\u00f3n.<\/p><p>Inmobiliaria JM ofrece a aquellos clientes que lo deseen la posibilidad de gestionar con nuestros t\u00e9cnicos colaboradores la reforma de su nueva vivienda, local de negocio o realizar las reformas parciales o totales de su propiedad actual.<\/p><p>Los mejores t\u00e9cnicos y profesionales le asesorar\u00e1n sobre nuevas distribuciones, reforma integral, cambios de ventanas, reforma de cocina y\/o ba\u00f1os, carpinter\u00eda interior, fontaner\u00eda, calefacci\u00f3n, pintura y decoraci\u00f3n, cambios de tabiquer\u00edas, cierres de terrazas, etc.<\/p><p>Nuestros t\u00e9cnicos le ayudar\u00e1n y tramitar\u00e1n los permisos municipales, proyectos de obra, planos y todos aquellos tr\u00e1mites que sean necesarios para culminar su reforma de forma satisfactoria.<\/p>\t\t\t\t\t\t\t\t<\/div>\n\t\t\t\t<\/div>\n\t\t\t\t<div class=\"elementor-element elementor-element-a9d4921 elementor-widget elementor-widget-spacer\" data-id=\"a9d4921\" data-element_type=\"widget\" data-widget_type=\"spacer.default\">\n\t\t\t\t<div class=\"elementor-widget-container\">\n\t\t\t\t\t\t\t<div class=\"elementor-spacer\">\n\t\t\t<div class=\"elementor-spacer-inner\"><\/div>\n\t\t<\/div>\n\t\t\t\t\t\t<\/div>\n\t\t\t\t<\/div>\n\t\t\t\t\t<\/div>\n\t\t\t\t<\/div>\n\t\t<div class=\"elementor-element elementor-element-5a8220b e-con-full e-flex e-con e-parent\" data-id=\"5a8220b\" data-element_type=\"container\" data-settings=\"{&quot;shape_divider_bottom&quot;:&quot;opacity-fan&quot;}\">\n\t\t\t\t<div class=\"elementor-shape elementor-shape-bottom\" aria-hidden=\"true\" data-negative=\"false\">\n\t\t\t<svg xmlns=\"http:\/\/www.w3.org\/2000\/svg\" viewBox=\"0 0 283.5 19.6\" preserveAspectRatio=\"none\">\n\t<path class=\"elementor-shape-fill\" style=\"opacity:0.33\" d=\"M0 0L0 18.8 141.8 4.1 283.5 18.8 283.5 0z\"\/>\n\t<path class=\"elementor-shape-fill\" style=\"opacity:0.33\" d=\"M0 0L0 12.6 141.8 4 283.5 12.6 283.5 0z\"\/>\n\t<path class=\"elementor-shape-fill\" style=\"opacity:0.33\" d=\"M0 0L0 6.4 141.8 4 283.5 6.4 283.5 0z\"\/>\n\t<path class=\"elementor-shape-fill\" d=\"M0 0L0 1.2 141.8 4 283.5 1.2 283.5 0z\"\/>\n<\/svg>\t\t<\/div>\n\t\t\t\t<\/div>\n\t\t\t\t<\/div>\n\t\t","protected":false},"excerpt":{"rendered":"<p>Coordinaci\u00f3n de gremios y reformas Inmobiliaria JM Si desea realizar una reforma total o parcial en su propiedad (vivienda o local comercial) consulte con nuestros t\u00e9cnicos sin compromiso, le presupuestar\u00e1n la mejor soluci\u00f3n. Inmobiliaria JM ofrece a aquellos clientes que lo deseen la posibilidad de gestionar con nuestros t\u00e9cnicos colaboradores la reforma de su nueva &#8230; <a title=\"Coordinaci\u00f3n de gremios y reformas\" class=\"read-more\" href=\"https:\/\/bddatos.com\/inmobiliariajm\/servicios\/coordinacion-de-gremios-y-reformas\/\" aria-label=\"Leer m\u00e1s sobre Coordinaci\u00f3n de gremios y reformas\">Leer m\u00e1s<\/a><\/p>\n","protected":false},"author":1,"featured_media":0,"parent":3838,"menu_order":0,"comment_status":"closed","ping_status":"closed","template":"","meta":{"_joinchat":[],"footnotes":""},"class_list":["post-4524","page","type-page","status-publish"],"yoast_head":"<!-- This site is optimized with the Yoast SEO plugin v25.3.1 - https:\/\/yoast.com\/wordpress\/plugins\/seo\/ -->\n<title>Coordinaci\u00f3n de gremios y reformas - Inmobiliaria jm<\/title>\n<meta name=\"robots\" content=\"index, follow, max-snippet:-1, max-image-preview:large, max-video-preview:-1\" \/>\n<link rel=\"canonical\" href=\"https:\/\/bddatos.com\/inmobiliariajm\/servicios\/coordinacion-de-gremios-y-reformas\/\" \/>\n<meta property=\"og:locale\" content=\"es_ES\" \/>\n<meta property=\"og:type\" content=\"article\" \/>\n<meta property=\"og:title\" content=\"Coordinaci\u00f3n de gremios y reformas - Inmobiliaria jm\" \/>\n<meta property=\"og:description\" content=\"Coordinaci\u00f3n de gremios y reformas Inmobiliaria JM Si desea realizar una reforma total o parcial en su propiedad (vivienda o local comercial) consulte con nuestros t\u00e9cnicos sin compromiso, le presupuestar\u00e1n la mejor soluci\u00f3n. Inmobiliaria JM ofrece a aquellos clientes que lo deseen la posibilidad de gestionar con nuestros t\u00e9cnicos colaboradores la reforma de su nueva ... Leer m\u00e1s\" \/>\n<meta property=\"og:url\" content=\"https:\/\/bddatos.com\/inmobiliariajm\/servicios\/coordinacion-de-gremios-y-reformas\/\" \/>\n<meta property=\"og:site_name\" content=\"Inmobiliaria jm\" \/>\n<meta property=\"article:modified_time\" content=\"2025-10-06T11:33:13+00:00\" \/>\n<meta name=\"twitter:card\" content=\"summary_large_image\" \/>\n<meta name=\"twitter:label1\" content=\"Tiempo de lectura\" \/>\n\t<meta name=\"twitter:data1\" content=\"1 minuto\" \/>\n<script type=\"application\/ld+json\" class=\"yoast-schema-graph\">{\"@context\":\"https:\/\/schema.org\",\"@graph\":[{\"@type\":\"WebPage\",\"@id\":\"https:\/\/bddatos.com\/inmobiliariajm\/servicios\/coordinacion-de-gremios-y-reformas\/\",\"url\":\"https:\/\/bddatos.com\/inmobiliariajm\/servicios\/coordinacion-de-gremios-y-reformas\/\",\"name\":\"Coordinaci\u00f3n de gremios y reformas - Inmobiliaria jm\",\"isPartOf\":{\"@id\":\"https:\/\/bddatos.com\/inmobiliariajm\/#website\"},\"datePublished\":\"2025-10-06T11:15:59+00:00\",\"dateModified\":\"2025-10-06T11:33:13+00:00\",\"breadcrumb\":{\"@id\":\"https:\/\/bddatos.com\/inmobiliariajm\/servicios\/coordinacion-de-gremios-y-reformas\/#breadcrumb\"},\"inLanguage\":\"es\",\"potentialAction\":[{\"@type\":\"ReadAction\",\"target\":[\"https:\/\/bddatos.com\/inmobiliariajm\/servicios\/coordinacion-de-gremios-y-reformas\/\"]}]},{\"@type\":\"BreadcrumbList\",\"@id\":\"https:\/\/bddatos.com\/inmobiliariajm\/servicios\/coordinacion-de-gremios-y-reformas\/#breadcrumb\",\"itemListElement\":[{\"@type\":\"ListItem\",\"position\":1,\"name\":\"Portada\",\"item\":\"https:\/\/bddatos.com\/inmobiliariajm\/\"},{\"@type\":\"ListItem\",\"position\":2,\"name\":\"Servicios\",\"item\":\"https:\/\/bddatos.com\/inmobiliariajm\/servicios\/\"},{\"@type\":\"ListItem\",\"position\":3,\"name\":\"Coordinaci\u00f3n de gremios y reformas\"}]},{\"@type\":\"WebSite\",\"@id\":\"https:\/\/bddatos.com\/inmobiliariajm\/#website\",\"url\":\"https:\/\/bddatos.com\/inmobiliariajm\/\",\"name\":\"Inmobiliaria jm Portugalete\",\"description\":\"\",\"publisher\":{\"@id\":\"https:\/\/bddatos.com\/inmobiliariajm\/#organization\"},\"potentialAction\":[{\"@type\":\"SearchAction\",\"target\":{\"@type\":\"EntryPoint\",\"urlTemplate\":\"https:\/\/bddatos.com\/inmobiliariajm\/?s={search_term_string}\"},\"query-input\":{\"@type\":\"PropertyValueSpecification\",\"valueRequired\":true,\"valueName\":\"search_term_string\"}}],\"inLanguage\":\"es\"},{\"@type\":\"Organization\",\"@id\":\"https:\/\/bddatos.com\/inmobiliariajm\/#organization\",\"name\":\"Inmobiliaria jm\",\"url\":\"https:\/\/bddatos.com\/inmobiliariajm\/\",\"logo\":{\"@type\":\"ImageObject\",\"inLanguage\":\"es\",\"@id\":\"https:\/\/bddatos.com\/inmobiliariajm\/#\/schema\/logo\/image\/\",\"url\":\"https:\/\/bddatos.com\/inmobiliariajm\/wp-content\/uploads\/2025\/06\/logo_inmobiliaria_portugalete.jpg\",\"contentUrl\":\"https:\/\/bddatos.com\/inmobiliariajm\/wp-content\/uploads\/2025\/06\/logo_inmobiliaria_portugalete.jpg\",\"width\":400,\"height\":148,\"caption\":\"Inmobiliaria jm\"},\"image\":{\"@id\":\"https:\/\/bddatos.com\/inmobiliariajm\/#\/schema\/logo\/image\/\"}}]}<\/script>\n<!-- \/ Yoast SEO plugin. -->","yoast_head_json":{"title":"Coordinaci\u00f3n de gremios y reformas - Inmobiliaria jm","robots":{"index":"index","follow":"follow","max-snippet":"max-snippet:-1","max-image-preview":"max-image-preview:large","max-video-preview":"max-video-preview:-1"},"canonical":"https:\/\/bddatos.com\/inmobiliariajm\/servicios\/coordinacion-de-gremios-y-reformas\/","og_locale":"es_ES","og_type":"article","og_title":"Coordinaci\u00f3n de gremios y reformas - Inmobiliaria jm","og_description":"Coordinaci\u00f3n de gremios y reformas Inmobiliaria JM Si desea realizar una reforma total o parcial en su propiedad (vivienda o local comercial) consulte con nuestros t\u00e9cnicos sin compromiso, le presupuestar\u00e1n la mejor soluci\u00f3n. Inmobiliaria JM ofrece a aquellos clientes que lo deseen la posibilidad de gestionar con nuestros t\u00e9cnicos colaboradores la reforma de su nueva ... Leer m\u00e1s","og_url":"https:\/\/bddatos.com\/inmobiliariajm\/servicios\/coordinacion-de-gremios-y-reformas\/","og_site_name":"Inmobiliaria jm","article_modified_time":"2025-10-06T11:33:13+00:00","twitter_card":"summary_large_image","twitter_misc":{"Tiempo de lectura":"1 minuto"},"schema":{"@context":"https:\/\/schema.org","@graph":[{"@type":"WebPage","@id":"https:\/\/bddatos.com\/inmobiliariajm\/servicios\/coordinacion-de-gremios-y-reformas\/","url":"https:\/\/bddatos.com\/inmobiliariajm\/servicios\/coordinacion-de-gremios-y-reformas\/","name":"Coordinaci\u00f3n de gremios y reformas - Inmobiliaria jm","isPartOf":{"@id":"https:\/\/bddatos.com\/inmobiliariajm\/#website"},"datePublished":"2025-10-06T11:15:59+00:00","dateModified":"2025-10-06T11:33:13+00:00","breadcrumb":{"@id":"https:\/\/bddatos.com\/inmobiliariajm\/servicios\/coordinacion-de-gremios-y-reformas\/#breadcrumb"},"inLanguage":"es","potentialAction":[{"@type":"ReadAction","target":["https:\/\/bddatos.com\/inmobiliariajm\/servicios\/coordinacion-de-gremios-y-reformas\/"]}]},{"@type":"BreadcrumbList","@id":"https:\/\/bddatos.com\/inmobiliariajm\/servicios\/coordinacion-de-gremios-y-reformas\/#breadcrumb","itemListElement":[{"@type":"ListItem","position":1,"name":"Portada","item":"https:\/\/bddatos.com\/inmobiliariajm\/"},{"@type":"ListItem","position":2,"name":"Servicios","item":"https:\/\/bddatos.com\/inmobiliariajm\/servicios\/"},{"@type":"ListItem","position":3,"name":"Coordinaci\u00f3n de gremios y reformas"}]},{"@type":"WebSite","@id":"https:\/\/bddatos.com\/inmobiliariajm\/#website","url":"https:\/\/bddatos.com\/inmobiliariajm\/","name":"Inmobiliaria jm Portugalete","description":"","publisher":{"@id":"https:\/\/bddatos.com\/inmobiliariajm\/#organization"},"potentialAction":[{"@type":"SearchAction","target":{"@type":"EntryPoint","urlTemplate":"https:\/\/bddatos.com\/inmobiliariajm\/?s={search_term_string}"},"query-input":{"@type":"PropertyValueSpecification","valueRequired":true,"valueName":"search_term_string"}}],"inLanguage":"es"},{"@type":"Organization","@id":"https:\/\/bddatos.com\/inmobiliariajm\/#organization","name":"Inmobiliaria jm","url":"https:\/\/bddatos.com\/inmobiliariajm\/","logo":{"@type":"ImageObject","inLanguage":"es","@id":"https:\/\/bddatos.com\/inmobiliariajm\/#\/schema\/logo\/image\/","url":"https:\/\/bddatos.com\/inmobiliariajm\/wp-content\/uploads\/2025\/06\/logo_inmobiliaria_portugalete.jpg","contentUrl":"https:\/\/bddatos.com\/inmobiliariajm\/wp-content\/uploads\/2025\/06\/logo_inmobiliaria_portugalete.jpg","width":400,"height":148,"caption":"Inmobiliaria jm"},"image":{"@id":"https:\/\/bddatos.com\/inmobiliariajm\/#\/schema\/logo\/image\/"}}]}},"_links":{"self":[{"href":"https:\/\/bddatos.com\/inmobiliariajm\/wp-json\/wp\/v2\/pages\/4524","targetHints":{"allow":["GET"]}}],"collection":[{"href":"https:\/\/bddatos.com\/inmobiliariajm\/wp-json\/wp\/v2\/pages"}],"about":[{"href":"https:\/\/bddatos.com\/inmobiliariajm\/wp-json\/wp\/v2\/types\/page"}],"author":[{"embeddable":true,"href":"https:\/\/bddatos.com\/inmobiliariajm\/wp-json\/wp\/v2\/users\/1"}],"replies":[{"embeddable":true,"href":"https:\/\/bddatos.com\/inmobiliariajm\/wp-json\/wp\/v2\/comments?post=4524"}],"version-history":[{"count":7,"href":"https:\/\/bddatos.com\/inmobiliariajm\/wp-json\/wp\/v2\/pages\/4524\/revisions"}],"predecessor-version":[{"id":4531,"href":"https:\/\/bddatos.com\/inmobiliariajm\/wp-json\/wp\/v2\/pages\/4524\/revisions\/4531"}],"up":[{"embeddable":true,"href":"https:\/\/bddatos.com\/inmobiliariajm\/wp-json\/wp\/v2\/pages\/3838"}],"wp:attachment":[{"href":"https:\/\/bddatos.com\/inmobiliariajm\/wp-json\/wp\/v2\/media?parent=4524"}],"curies":[{"name":"wp","href":"https:\/\/api.w.org\/{rel}","templated":true}]}}